{"id":685,"date":"2020-10-10T17:56:14","date_gmt":"2020-10-10T17:56:14","guid":{"rendered":"https:\/\/www.laboratoriosrubio.com\/politica-privacidad\/"},"modified":"2023-11-07T08:46:24","modified_gmt":"2023-11-07T08:46:24","slug":"politica-de-privacitat","status":"publish","type":"page","link":"https:\/\/www.laboratoriosrubio.com\/ca\/politica-de-privacitat\/","title":{"rendered":"Politica de privacitat"},"content":{"rendered":"\r\n<h3 class=\"wp-block-heading\"><strong>RESPONSABLE DEL TRACTAMENT<\/strong><\/h3>\r\n<p>L\u2019empresa responsable del tractament de les seves dades en virtut d\u2019aquesta Pol\u00edtica de privacitat \u00e9s:<\/p>\r\n<p>LABORATORIOS RUBI\u00d3, S.A.<br \/>NIF: A08222465<br \/>Domicili: Ind\u00fastria, P.I.Comte de Sert, 29 \u2013 08755 CASTELLBISBAL (Barcelona)<br \/>Direcci\u00f3 de correu electr\u00f2nic: rgpd@labrubio.com<br \/>Tel\u00e8fon: +34 937722509<br \/>Inscrita en el Registre Mercantil de Barcelona, en el Tomo 38980, Folio 108, Hoja N\u00famero B-65850.<\/p>\r\n<p>La present pol\u00edtica de privacitat fa refer\u00e8ncia a les seg\u00fcents webs:<\/p>\r\n<p>www.laboratoriosrubio.com;<br \/>www.mueveteconnosotros.com;<br \/>www.hombresysalud.com;<br \/>www.personascontdah.org;<br \/>www.equilibriorenal.com;<br \/>www.campusrubio.com<br \/>www.losadultosquesomos.com;<br \/>www.gelsectan.es;<\/p>\r\n<p><br \/>I pret\u00e9n regular tots els aspectes relatius al tractament de dades dels diferents usuaris que naveguen o faciliten les seves a trav\u00e9s dels diferents formularis situats en la web.<\/p>\r\n<p>En LABORATORIOS RUBI\u00d3, SA, reconeixem la import\u00e0ncia de protegir la seva informaci\u00f3 personal i estem compromesos a tractar-la amb responsabilitat i de conformitat amb les lleis de protecci\u00f3 de dades.<\/p>\r\n<h3><strong>DADES PERSONALS<\/strong><\/h3>\r\n<p>Una dada personal, \u00e9s la informaci\u00f3 que l\u2019identifica o el fa identificable. A trav\u00e9s de la web, en les caselles establertes a tal efecte recollim les dades personals que l\u2019usuari ens comunica: Nom, cognoms, correu electr\u00f2nic, tel\u00e8fon, direcci\u00f3 postal, poblaci\u00f3, etc.<\/p>\r\n<p>La visita de l\u2019usuari a la web no implica que hagi de facilitar cap informaci\u00f3 sobre les seves dades personals. No obstant aix\u00f2, en cas de facilitar-les, les dades seran tractades de forma l\u00edcita de conformitat en tot moment als principis i drets recollits en el RGPD 2016\/679 de 26 d\u2019abril i la LOPDGDD 3\/2018 del 5 de desembre.<\/p>\r\n<h3><strong>FINALITAT, DURACI\u00d3 I LEGITIMACI\u00d3 DEL TRACTAMENT<\/strong><\/h3>\r\n<p>Les dades que l\u2019usuari ens proporcioni les tractarem amb les seg\u00fcents finalitats:<\/p>\r\n<ul>\r\n<li>Atendre la sol\u00b7licitud o petici\u00f3 realitzada per l\u2019usuari a trav\u00e9s del\u00a0<strong>formulari de contacte\u00a0<\/strong>situat a la web. Recollim i tractem les dades personals de l\u2019usuari per poder tramitar i gestionar la seva sol\u00b7licitud, una consulta o qualsevol petici\u00f3 que realitza a trav\u00e9s del formulari. Aquestes dades les conservem durant el temps necessari per complir la seva petici\u00f3 i durant el temps establert per la llei amb una duraci\u00f3 m\u00ednima de 3 anys.<\/li>\r\n<\/ul>\r\n<p>La base de legitimaci\u00f3 del tractament de les dades ser\u00e0 el consentiment\u00a0 que atorga l\u2019usuari en seleccionar la casella d\u2019acceptaci\u00f3 de la nostra pol\u00edtica de privacitat abans d\u2019enviar la petici\u00f3. L\u2019usuari t\u00e9 dret a revocar el seu consentiment en qualsevol moment sense que aix\u00f2 afecti la licitud del tractament basat en el consentiment previ a la seva retirada.<\/p>\r\n<ul>\r\n<li>Gestionar el\u00a0<strong>curr\u00edculum\u00a0<\/strong>rem\u00e8s per l\u2019interessat a trav\u00e9s del formulari habilitat per a tal efecte i incloure\u2019l en la base \u00a0de dades \u00a0de candidats \u00a0de l\u2019empresa. \u00a0Les\u00a0 dades \u00a0es conservaran \u00a0durant \u00a0el termini \u00a0m\u00e0xim \u00a0d\u2019un \u00a0any, transcorregut el qual, es procedir\u00e0 al bloqueig de les dades durant el temps establert legalment, garantint-li un total respecte a la confidencialitat tant en el tractament com en la seva posterior destrucci\u00f3.<\/li>\r\n<\/ul>\r\n<p>La base de legitimaci\u00f3 per a gestionar i tractar el curr\u00edculum de l\u2019interessat \u00e9s el seu consentiment el qual manifesta en realitzar una acci\u00f3 afirmativa d\u2019enviament del mateix i seleccionar la casella d\u2019acceptaci\u00f3 de la nostra pol\u00edtica de privacitat pr\u00e8viament al seu enviament. L\u2019usuari t\u00e9 dret a revocar el seu consentiment en qualsevol moment sense que aix\u00f2 afecti la licitud del tractament basat en el consentiment previ a la seva retirada.<\/p>\r\n<ul>\r\n<li>Millorar la seva experi\u00e8ncia en navegar per la web. Aquestes dades els conservarem mentre l\u2019usuari no revoqui el seu consentiment al tractament d\u2019aquestes eliminant les cookies i durant el temps establert per la llei amb una durada m\u00ednima de 3 anys.<\/li>\r\n<\/ul>\r\n<p>La base de legitimaci\u00f3 per a millorar la seva experi\u00e8ncia en navegar per la web \u00e9s el consentiment\u00a0 que atorga l\u2019usuari en acceptar les cookies. L\u2019usuari t\u00e9 dret a revocar el seu consentiment en qualsevol moment sense que aix\u00f2 afecti la licitud del tractament basat en el consentiment previ a la seva retirada.<\/p>\r\n<ul>\r\n<li>Gestionar les nostres\u00a0<strong>xarxes socials\u00a0<\/strong>i enviar-li informaci\u00f3 sobre les nostres activitats i productes. Aquestes dades les conservarem mentre l\u2019usuari no revoqui el seu consentiment al tractament d\u2019aquestes i durant el temps establert per la llei amb una durada m\u00ednima de 3 anys.<\/li>\r\n<\/ul>\r\n<p>La base de leg\u00edtimaci\u00f3 per a gestionar les nostres xarxes socials i enviar-li les nostres activitats i novetats, \u00e9s el consentiment que ens atorga per a aix\u00f2. L\u2019usuari t\u00e9 dret a revocar el seu consentiment en qualsevol moment sense que aix\u00f2 afecti la licitud del tractament basat en el consentiment previ a la seva retirada.<\/p>\r\n<ul>\r\n<li>Gesti\u00f3 i desenvolupament \u00a0de la inscripci\u00f3\u00a0 de l\u2019usuari amb motiu de\u00a0<strong>l\u2019assist\u00e8ncia \u00a0a un esdeveniment \u00a0o activitat organitzada\u00a0<\/strong>per LABORATORIOS RUBI\u00d3, S.A a trav\u00e9s de les dades recopilades en el formulari habilitat a tal efecte en la web. Aquestes dades les conservarem mentre duri l\u2019activitat de l\u2019esdeveniment\u00a0 i durant el temps establert per la llei amb una durada m\u00ednima de 3 anys.<\/li>\r\n<\/ul>\r\n<p>La base\u00a0 de legitimaci\u00f3 \u00a0del tractament \u00a0de les dades \u00a0ser\u00e0 el consentiment \u00a0que atorga \u00a0l\u2019usuari \u00a0a trav\u00e9s \u00a0de l\u2019emplenament del formulari de participaci\u00f3 habilitat per a tal efecte en la web i, seleccionant la casella d\u2019acceptaci\u00f3 de la nostra pol\u00edtica de privacitat. L\u2019usuari t\u00e9 dret a revocar el seu consentiment en qualsevol moment sense que aix\u00f2 afecti la licitud del tractament basat en el consentiment previ a la seva retirada.<\/p>\r\n<ul>\r\n<li>Facilitar la\u00a0<strong>formaci\u00f3 i informaci\u00f3\u00a0<\/strong>dels usuaris registrats en el Lloc web i realitzar, si escau, les gestions que siguin necess\u00e0ries per a permetre la seva inscripci\u00f3 i l\u2019assist\u00e8ncia o seguiment dels cursos, jornades, esdeveniments \u00a0i qualsevol altra activitat formativa, social, informativa i\/o educacional\u00a0 en la qual l\u2019usuari estigui interessat i que s\u2019ofereixi a trav\u00e9s de la web. Aquestes dades les conservarem mentre duri l\u2019activitat de formaci\u00f3 i durant el temps establert per la llei amb una durada m\u00ednima de 3 anys.<\/li>\r\n<\/ul>\r\n<p>La llegitimaci\u00f3 per a aquesta finalitat de tractament de les dades personals \u00e9s l\u2019execuci\u00f3 del contracte en el qual l\u2019usuari \u00e9s part, aix\u00f2 \u00e9s, per al manteniment, \u00a0compliment, \u00a0desenvolupament, \u00a0control i execuci\u00f3\u00a0 de la relaci\u00f3 contractual establerta entre vost\u00e8 i LABORATORIOS RUBI\u00d3, SA.<\/p>\r\n<ul>\r\n<li>Gestionar els concursos i sortejos organitzats a trav\u00e9s de la nostra web o de les webs dels nostres encarregats del tractament.\u00a0 Recollim i tractem les dades personals de l&#8217;usuari per a poder gestionar la seva participaci\u00f3 en els diferents sortejos o concursos organitzats per LABORATORIS RUBIO S.A aix\u00ed com la posterior comunicaci\u00f3 als guanyadors. Aquestes dades els conservarem mentre es desenvolupi el concurs o sorteig i la seva exposici\u00f3 posterior determinada en les bases del concurs, aix\u00ed com durant el temps establert per la llei amb una durada m\u00ednima de 3 anys.<\/li>\r\n<\/ul>\r\n<p>La base de legitimaci\u00f3 del tractament de les dades ser\u00e0 el consentiment que atorga l&#8217;usuari a trav\u00e9s de l&#8217;emplenament del formulari de participaci\u00f3 habilitat per a tal efecte en la web i, seleccionant la casella d&#8217;acceptaci\u00f3 de la nostra pol\u00edtica de privacitat i de les bases del concurs o sorteig. L&#8217;usuari t\u00e9 dret a revocar el seu consentiment en qualsevol moment sense que aix\u00f2 afecti la licitud del tractament basat en el consentiment previ a la seva retirada<\/p>\r\n<p><em><strong>Altres finalitats del tractament:<\/strong><\/em> Analitzar, aix\u00ed com enviar de manera expressa a les Autoritats Sanit\u00e0ries, informaci\u00f3 sobre els esdeveniments adversos dels que ens ha informat i fer un seguiment del seu cas.<br \/>Per a m\u00e9s informaci\u00f3 pot consultar la nostra <u><a href=\"https:\/\/www.laboratoriosrubio.com\/ca\/politica-de-privacitat\/\">Nota Legal de Farmacovigilancia<\/a>.<\/u><\/p>\r\n<h3><strong>CESSI\u00d3 O COMUNICACI\u00d3 DE DADES PERSONALS I TRANSFER\u00c8NCIES INTERNACIONALS<\/strong><\/h3>\r\n<p>Les seves dades no es comunicaran\u00a0 ni seran cedides a tercers tret que existeixi alguna obligaci\u00f3\u00a0 \u00a0legal o a aquells prestadors vinculats al Responsable que actuen com a encarregats del tractament.<\/p>\r\n<p>No es realitzen transfer\u00e8ncies internacionals, en cas qu\u00e8 en algun moment poguessin realitzar-se, se li comunicaria a fi d\u2019obtenir el seu consentiment.<\/p>\r\n<h3><strong>ACTUALITZACI\u00d3 DE DADES<\/strong><\/h3>\r\n<p>\u00c9s important que perqu\u00e8 puguem mantenir les dades personals actualitzades, l\u2019usuari ens informi sempre que hi hagi hagut alguna modificaci\u00f3 en aquestes, en cas contrari, no responem de la veracitat d\u2019aquestes.<\/p>\r\n<p>L\u2019usuari garanteix que les dades personals facilitades s\u00f3n veraces garantint que tota la informaci\u00f3 facilitada correspon amb la situaci\u00f3 real, que est\u00e0 posada al dia i \u00e9s exacta, quedant obligat a comunicar qualsevol modificaci\u00f3.<\/p>\r\n<h3><strong>DADES DE TERCERS<\/strong><\/h3>\r\n<p>Si l\u2019usuari facilita dades de terceres persones per a qualsevol finalitat a LABORATORIOS\u00a0 RUBI\u00d3, SA, garanteix que ha obtingut aquestes dades de forma l\u00edcita, que ha informat pr\u00e8viament\u00a0 els afectats, obtenint el seu consentiment \u00a0per a comunicar-les i que la informaci\u00f3 facilitada \u00e9s exacta i vera\u00e7.<\/p>\r\n<h3><strong>CAR\u00c0CTER OBLIGATORI DE LA INFORMACI\u00d3 SOL\u00b7LICITADA<\/strong><\/h3>\r\n<p>Tots els nostres formularis compten amb un asterisc (*) en les dades obligat\u00f2ries. Si l\u2019usuari no omple aquests camps, o no marca la casella d\u2019acceptaci\u00f3 de la pol\u00edtica de privacitat, no es permetr\u00e0 l\u2019enviament de la informaci\u00f3.<\/p>\r\n<h3><strong>DRETS DELS INTERESSATS<\/strong><\/h3>\r\n<p>T\u00e9 dret a accedir a les seves dades i a obtenir confirmaci\u00f3 sobre el seu tractament, aix\u00ed com una c\u00f2pia de les dades personals objecte de tractament. T\u00e9 dret a actualitzar-les i a sol\u00b7licitar la rectificaci\u00f3 de les dades que siguin inexactes o sol\u00b7licitar la supressi\u00f3 quan les dades no siguin necess\u00e0ries \u00a0per a les finalitats per les quals van ser recaptades. \u00a0Pot sol\u00b7licitar\u00a0 la limitaci\u00f3 \u00a0en el tractament \u00a0de les seves\u00a0 dades \u00a0i oposar-se \u00a0al tractament \u00a0d\u2019aquestes \u00a0revocant \u00a0el seu consentiment,\u00a0 aix\u00ed com exercir el dret a la portabilitat de les dades. De la mateixa manera, t\u00e9 dret a no ser objecte de decisions basades \u00fanicament en el tractament automatitzat\u00a0 de les seves dades personals. Pot exercir els seus drets contactant amb nosaltres Ind\u00fastria, P.I.Comte de Sert, 29 \u2013 08755 CASTELLBISBAL (Barcelona). Email: rgpd@labrubio.com<\/p>\r\n<p>Dades de contacte del DPO: Protecci\u00f3n de Datos Datax, SL \u2013 Email: dpo@labrubio.com<\/p>\r\n<p>Si considera que els seus drets no s\u2019han at\u00e8s degudament, t\u00e9 dret a presentar una reclamaci\u00f3 davant l\u2019Ag\u00e8ncia Espanyola de Protecci\u00f3 de Dades www.aepd.es<\/p>\r\n<h3><strong>TRACTAMENT DE DADES DE MENORS D\u2019 EDAD<\/strong><\/h3>\r\n<p>Qui facilita les dades a trav\u00e9s dels formularis d\u2019aquesta web i accepta el seu tractament declara ser major de 14 anys, quedant prohibit l\u2019acc\u00e9s i \u00fas del portal a menors d\u2019aquesta edat. Si en algun moment, el Responsable \u00a0detecta que un menor de 14 anys ha proporcionat dades de car\u00e0cter personal, procedirem a la cancel\u00b7laci\u00f3 d\u2019aquestes. Aix\u00ed mateix, els pares o tutors podran en qualsevol cas dirigir-se a LABORATORIOS\u00a0 RUBI\u00d3, SA per a bloquejar el compte d\u2019acc\u00e9s dels menors al seu c\u00e0rrec que s\u2019haguessin registrat falsejant la seva identitat.<\/p>\r\n<h3><strong>TRACTAMENT DE COOKIES<\/strong><\/h3>\r\n<p>Una cookie \u00e9s un petit arxiu que es descarrega i emmagatzema \u00a0en l\u2019ordinador de l\u2019usuari quan aquest accedeix a una p\u00e0gina web. Les cookies permeten a la web, entre altres coses, emmagatzemar i recuperar informaci\u00f3 sobre els h\u00e0bits de navegaci\u00f3 de l\u2019usuari o del seu equip i, depenent de la informaci\u00f3 que continguin i de la forma en qu\u00e8 utilitzi el seu equip, poden utilitzar-se per a recon\u00e8ixer a l\u2019usuari.<\/p>\r\n<p>L\u2019usuari t\u00e9 l\u2019opci\u00f3 d\u2019impedir la generaci\u00f3 de cookies, mitjan\u00e7ant la selecci\u00f3 de la corresponent opci\u00f3 en el seu programa de navegador. Pot obtenir m\u00e9s informaci\u00f3 llegint la nostra\u00a0Pol\u00edtica de Cookies.<\/p>\r\n","protected":false},"excerpt":{"rendered":"<p>RESPONSABLE DEL TRACTAMENT L\u2019empresa responsable del tractament de les seves dades en virtut d\u2019aquesta Pol\u00edtica de privacitat \u00e9s: LABORATORIOS RUBI\u00d3, S.A.NIF: A08222465Domicili: Ind\u00fastria, P.I.Comte de Sert, 29 \u2013 08755 CASTELLBISBAL (Barcelona)Direcci\u00f3 de correu electr\u00f2nic: rgpd@labrubio.comTel\u00e8fon: +34 937722509Inscrita en el Registre Mercantil de Barcelona, en el Tomo 38980, Folio 108, Hoja N\u00famero B-65850. La present pol\u00edtica [&hellip;]<\/p>\n","protected":false},"author":1,"featured_media":0,"parent":0,"menu_order":0,"comment_status":"closed","ping_status":"closed","template":"page-blank.php","meta":{"_acf_changed":false,"footnotes":""},"class_list":["post-685","page","type-page","status-publish","hentry"],"acf":[],"yoast_head":"<!-- This site is optimized with the Yoast SEO plugin v27.3 - https:\/\/yoast.com\/product\/yoast-seo-wordpress\/ -->\n<title>Politica de privacitat - Laboratorios Rubi\u00f3<\/title>\n<meta name=\"robots\" content=\"index, follow, max-snippet:-1, max-image-preview:large, max-video-preview:-1\" \/>\n<link rel=\"canonical\" href=\"https:\/\/www.laboratoriosrubio.com\/ca\/politica-de-privacitat\/\" \/>\n<meta property=\"og:locale\" content=\"ca_ES\" \/>\n<meta property=\"og:type\" content=\"article\" \/>\n<meta property=\"og:title\" content=\"Politica de privacitat - Laboratorios Rubi\u00f3\" \/>\n<meta property=\"og:description\" content=\"RESPONSABLE DEL TRACTAMENT L\u2019empresa responsable del tractament de les seves dades en virtut d\u2019aquesta Pol\u00edtica de privacitat \u00e9s: LABORATORIOS RUBI\u00d3, S.A.NIF: A08222465Domicili: Ind\u00fastria, P.I.Comte de Sert, 29 \u2013 08755 CASTELLBISBAL (Barcelona)Direcci\u00f3 de correu electr\u00f2nic: rgpd@labrubio.comTel\u00e8fon: +34 937722509Inscrita en el Registre Mercantil de Barcelona, en el Tomo 38980, Folio 108, Hoja N\u00famero B-65850. La present pol\u00edtica [&hellip;]\" \/>\n<meta property=\"og:url\" content=\"https:\/\/www.laboratoriosrubio.com\/ca\/politica-de-privacitat\/\" \/>\n<meta property=\"og:site_name\" content=\"Laboratorios Rubi\u00f3\" \/>\n<meta property=\"article:modified_time\" content=\"2023-11-07T08:46:24+00:00\" \/>\n<meta name=\"twitter:card\" content=\"summary_large_image\" \/>\n<meta name=\"twitter:label1\" content=\"Est. reading time\" \/>\n\t<meta name=\"twitter:data1\" content=\"9 minutes\" \/>\n<script type=\"application\/ld+json\" class=\"yoast-schema-graph\">{\"@context\":\"https:\\\/\\\/schema.org\",\"@graph\":[{\"@type\":\"WebPage\",\"@id\":\"https:\\\/\\\/www.laboratoriosrubio.com\\\/ca\\\/politica-de-privacitat\\\/\",\"url\":\"https:\\\/\\\/www.laboratoriosrubio.com\\\/ca\\\/politica-de-privacitat\\\/\",\"name\":\"Politica de privacitat - Laboratorios Rubi\u00f3\",\"isPartOf\":{\"@id\":\"https:\\\/\\\/www.laboratoriosrubio.com\\\/ca\\\/#website\"},\"datePublished\":\"2020-10-10T17:56:14+00:00\",\"dateModified\":\"2023-11-07T08:46:24+00:00\",\"breadcrumb\":{\"@id\":\"https:\\\/\\\/www.laboratoriosrubio.com\\\/ca\\\/politica-de-privacitat\\\/#breadcrumb\"},\"inLanguage\":\"ca\",\"potentialAction\":[{\"@type\":\"ReadAction\",\"target\":[\"https:\\\/\\\/www.laboratoriosrubio.com\\\/ca\\\/politica-de-privacitat\\\/\"]}]},{\"@type\":\"BreadcrumbList\",\"@id\":\"https:\\\/\\\/www.laboratoriosrubio.com\\\/ca\\\/politica-de-privacitat\\\/#breadcrumb\",\"itemListElement\":[{\"@type\":\"ListItem\",\"position\":1,\"name\":\"Portada\",\"item\":\"https:\\\/\\\/www.laboratoriosrubio.com\\\/ca\\\/\"},{\"@type\":\"ListItem\",\"position\":2,\"name\":\"Politica de privacitat\"}]},{\"@type\":\"WebSite\",\"@id\":\"https:\\\/\\\/www.laboratoriosrubio.com\\\/ca\\\/#website\",\"url\":\"https:\\\/\\\/www.laboratoriosrubio.com\\\/ca\\\/\",\"name\":\"Laboratorios Rubi\u00f3\",\"description\":\"\",\"potentialAction\":[{\"@type\":\"SearchAction\",\"target\":{\"@type\":\"EntryPoint\",\"urlTemplate\":\"https:\\\/\\\/www.laboratoriosrubio.com\\\/ca\\\/?s={search_term_string}\"},\"query-input\":{\"@type\":\"PropertyValueSpecification\",\"valueRequired\":true,\"valueName\":\"search_term_string\"}}],\"inLanguage\":\"ca\"}]}<\/script>\n<!-- \/ Yoast SEO plugin. -->","yoast_head_json":{"title":"Politica de privacitat - Laboratorios Rubi\u00f3","robots":{"index":"index","follow":"follow","max-snippet":"max-snippet:-1","max-image-preview":"max-image-preview:large","max-video-preview":"max-video-preview:-1"},"canonical":"https:\/\/www.laboratoriosrubio.com\/ca\/politica-de-privacitat\/","og_locale":"ca_ES","og_type":"article","og_title":"Politica de privacitat - Laboratorios Rubi\u00f3","og_description":"RESPONSABLE DEL TRACTAMENT L\u2019empresa responsable del tractament de les seves dades en virtut d\u2019aquesta Pol\u00edtica de privacitat \u00e9s: LABORATORIOS RUBI\u00d3, S.A.NIF: A08222465Domicili: Ind\u00fastria, P.I.Comte de Sert, 29 \u2013 08755 CASTELLBISBAL (Barcelona)Direcci\u00f3 de correu electr\u00f2nic: rgpd@labrubio.comTel\u00e8fon: +34 937722509Inscrita en el Registre Mercantil de Barcelona, en el Tomo 38980, Folio 108, Hoja N\u00famero B-65850. La present pol\u00edtica [&hellip;]","og_url":"https:\/\/www.laboratoriosrubio.com\/ca\/politica-de-privacitat\/","og_site_name":"Laboratorios Rubi\u00f3","article_modified_time":"2023-11-07T08:46:24+00:00","twitter_card":"summary_large_image","twitter_misc":{"Est. reading time":"9 minutes"},"schema":{"@context":"https:\/\/schema.org","@graph":[{"@type":"WebPage","@id":"https:\/\/www.laboratoriosrubio.com\/ca\/politica-de-privacitat\/","url":"https:\/\/www.laboratoriosrubio.com\/ca\/politica-de-privacitat\/","name":"Politica de privacitat - Laboratorios Rubi\u00f3","isPartOf":{"@id":"https:\/\/www.laboratoriosrubio.com\/ca\/#website"},"datePublished":"2020-10-10T17:56:14+00:00","dateModified":"2023-11-07T08:46:24+00:00","breadcrumb":{"@id":"https:\/\/www.laboratoriosrubio.com\/ca\/politica-de-privacitat\/#breadcrumb"},"inLanguage":"ca","potentialAction":[{"@type":"ReadAction","target":["https:\/\/www.laboratoriosrubio.com\/ca\/politica-de-privacitat\/"]}]},{"@type":"BreadcrumbList","@id":"https:\/\/www.laboratoriosrubio.com\/ca\/politica-de-privacitat\/#breadcrumb","itemListElement":[{"@type":"ListItem","position":1,"name":"Portada","item":"https:\/\/www.laboratoriosrubio.com\/ca\/"},{"@type":"ListItem","position":2,"name":"Politica de privacitat"}]},{"@type":"WebSite","@id":"https:\/\/www.laboratoriosrubio.com\/ca\/#website","url":"https:\/\/www.laboratoriosrubio.com\/ca\/","name":"Laboratorios Rubi\u00f3","description":"","potentialAction":[{"@type":"SearchAction","target":{"@type":"EntryPoint","urlTemplate":"https:\/\/www.laboratoriosrubio.com\/ca\/?s={search_term_string}"},"query-input":{"@type":"PropertyValueSpecification","valueRequired":true,"valueName":"search_term_string"}}],"inLanguage":"ca"}]}},"_links":{"self":[{"href":"https:\/\/www.laboratoriosrubio.com\/ca\/wp-json\/wp\/v2\/pages\/685","targetHints":{"allow":["GET"]}}],"collection":[{"href":"https:\/\/www.laboratoriosrubio.com\/ca\/wp-json\/wp\/v2\/pages"}],"about":[{"href":"https:\/\/www.laboratoriosrubio.com\/ca\/wp-json\/wp\/v2\/types\/page"}],"author":[{"embeddable":true,"href":"https:\/\/www.laboratoriosrubio.com\/ca\/wp-json\/wp\/v2\/users\/1"}],"replies":[{"embeddable":true,"href":"https:\/\/www.laboratoriosrubio.com\/ca\/wp-json\/wp\/v2\/comments?post=685"}],"version-history":[{"count":18,"href":"https:\/\/www.laboratoriosrubio.com\/ca\/wp-json\/wp\/v2\/pages\/685\/revisions"}],"predecessor-version":[{"id":3225,"href":"https:\/\/www.laboratoriosrubio.com\/ca\/wp-json\/wp\/v2\/pages\/685\/revisions\/3225"}],"wp:attachment":[{"href":"https:\/\/www.laboratoriosrubio.com\/ca\/wp-json\/wp\/v2\/media?parent=685"}],"curies":[{"name":"wp","href":"https:\/\/api.w.org\/{rel}","templated":true}]}}