{"id":1754,"date":"2021-03-24T16:56:51","date_gmt":"2021-03-24T16:56:51","guid":{"rendered":"https:\/\/www.laboratoriosrubio.com\/?page_id=1754"},"modified":"2021-03-24T17:05:22","modified_gmt":"2021-03-24T17:05:22","slug":"lopdgdd","status":"publish","type":"page","link":"https:\/\/www.laboratoriosrubio.com\/ca\/lopdgdd\/","title":{"rendered":"LOPDGDD"},"content":{"rendered":"<h2>PROTOCOL PER A GARANTIR ELS DRETS DIGITALS A INTERNET (LOPDGDD)<\/h2>\n<p>Els prestadors de serveis de la societat de la informaci\u00f3 i els prove\u00efdors de serveis d\u2019Internet han de contribuir a garantir que s\u2019apliquin els drets digitals que estableix el T\u00edtol X de la Llei Org\u00e0nica 3\/2018, de 5 de desembre, de Protecci\u00f3 de Dades Personals i garantia dels drets digitals (LOPDGDD).<\/p>\n<h3>Dret a la neutralitat d\u2019Internet (article 80)<\/h3>\n<ul>\n<li>Els usuaris tenen dret a la neutralitat d\u2019Internet.<\/li>\n<li>Els prove\u00efdors de serveis d\u2019Internet han d\u2019oferir una oferta transparent de serveis sense discriminaci\u00f3 per motius t\u00e8cnics o econ\u00f2mics.<\/li>\n<\/ul>\n<h3>Dret d\u2019acc\u00e9s universal a Internet (article 81)<\/h3>\n<ul>\n<li>Totes tenen dret a accedir a Internet.<\/li>\n<li>S\u2019ha de garantir un acc\u00e9s universal, assequible, de qualitat i no discriminatori per a tota la poblaci\u00f3.<\/li>\n<li>S\u2019ha de procurar superar la bretxa de g\u00e8nere tant en l\u2019\u00e0mbit personal com laboral.<\/li>\n<li>S\u2019ha de procurar superar la bretxa de g\u00e8nere.<\/li>\n<li>S\u2019han de garantir condicions d\u2019igualtat per a persones amb necessitats especials.<\/li>\n<\/ul>\n<h3>Dret a la seguretat digital (article 82)<\/h3>\n<ul>\n<li>Els usuaris tenen dret a la seguretat de les comunicacions que es transmetin i rebin a trav\u00e9s d\u2019Internet.<\/li>\n<li>Els prove\u00efdors de serveis d\u2019Internet han d\u2019informar els usuaris dels seus drets.<\/li>\n<\/ul>\n<h3>Dret a l\u2019educaci\u00f3 digital (article 83)<\/h3>\n<ul>\n<li>El sistema educatiu ha de garantir la plena inserci\u00f3 de l\u2019alumnat en la societat digital.<\/li>\n<\/ul>\n<h3>Protecci\u00f3 dels menors a Internet (article 84)<\/h3>\n<ul>\n<li>Els pares, mares, tutors, curadors o representants legals han de procurar que els menors d\u2019edat facin un \u00fas equilibrat i responsable dels dispositius digitals i dels serveis de la societat de la informaci\u00f3 per tal de garantir que desenvolupin adequadament la personalitat i a fi de preservar-ne la dignitat i els drets fonamentals.<\/li>\n<li>Utilitzar o difondre imatges o informaci\u00f3 personal de menors a les xarxes socials i serveis de la societat de la informaci\u00f3 equivalents que puguin implicar una intromissi\u00f3 il\u00b7leg\u00edtima en els seus drets fonamentals ha de determinar la intervenci\u00f3 del Ministeri Fiscal, que aplicar\u00e0 les mesures cautelars i de protecci\u00f3 que preveu la Llei Org\u00e0nica 1\/1996, de 15 de gener, de Protecci\u00f3 Jur\u00eddica del Menor.<\/li>\n<\/ul>\n<h3>Protecci\u00f3 de dades dels menors a Internet (article 92)<\/h3>\n<ul>\n<li>Els RT que duguin a terme activitats en les quals participin menors d\u2019edat han de garantir la protecci\u00f3 de l\u2019inter\u00e8s superior del menor i els seus drets fonamentals a l\u2019hora de publicar o difondre les seves dades personals a trav\u00e9s de serveis de la societat de la informaci\u00f3.<\/li>\n<li>En cas que es publiqui o difongui a trav\u00e9s de xarxes socials o serveis equivalents, el RT ha de disposar del consentiment del menor o dels seus representants legals, tenint en compte que el consentiment:\n<ul>\n<li>\u00e9s leg\u00edtim si l\u2019interessat t\u00e9 m\u00e9s de 14 anys, excepte si la llei exigeix l\u2019assist\u00e8ncia dels titulars de la p\u00e0tria potestat o tutela<\/li>\n<li>per a menors de 14 anys \u00e9s leg\u00edtim si hi consta el del titular de la p\u00e0tria potestat o de la tutela<\/li>\n<\/ul>\n<\/li>\n<\/ul>\n<h3>Dret de rectificaci\u00f3 a Internet (article 85)<\/h3>\n<ul>\n<li>Tothom t\u00e9 dret a la llibertat d\u2019expressi\u00f3 a Internet.<\/li>\n<li>Els responsables de xarxes socials i serveis equivalents han de:\n<ul>\n<li>adoptar protocols adequats per a permetre l\u2019exercici del dret de rectificaci\u00f3 davant els usuaris que difonguin continguts que atemptin contra:\n<ul>\n<li>el dret a l\u2019honor<\/li>\n<li>la intimitat personal i familiar a Internet<\/li>\n<li>el dret a comunicar o rebre lliurement informaci\u00f3 vera\u00e7<\/li>\n<\/ul>\n<\/li>\n<li>complir els requisits i procediments que preveu la Llei Org\u00e0nica 2\/1984, de 26 de mar\u00e7, la qual regula el dret de rectificaci\u00f3<\/li>\n<\/ul>\n<\/li>\n<li>Els mitjans de comunicaci\u00f3 digitals han d\u2019atendre les sol\u00b7licituds de rectificaci\u00f3 si la not\u00edcia original no reflecteix la situaci\u00f3 actual de l\u2019individu, tot publicant:\n<ul>\n<li>un av\u00eds aclaridor que faci pal\u00e8s que la not\u00edcia original no \u00e9s correcta<\/li>\n<li>l\u2019av\u00eds en un lloc visible juntament amb la informaci\u00f3 original<\/li>\n<\/ul>\n<\/li>\n<\/ul>\n<h3>Dret a l\u2019actualitzaci\u00f3 d\u2019informacions en mitjans de comunicaci\u00f3 digitals (article 86)<\/h3>\n<ul>\n<li>Els mitjans de comunicaci\u00f3 digitals han d\u2019atendre les sol\u00b7licituds d\u2019actualitzaci\u00f3 si les informacions publicades no reflecteixen la situaci\u00f3 actual com a conseq\u00fc\u00e8ncia de circumst\u00e0ncies que hagin tingut lloc despr\u00e9s de la publicaci\u00f3, tot causant-li un perjudici. En particular:\n<ul>\n<li>en cas que les informacions originals es refereixin a actuacions policials o judicials que s\u2019hagin vist afectades en benefici de l\u2019interessat, com a conseq\u00fc\u00e8ncia de decisions judicials posteriors. En aquest cas, l\u2019av\u00eds s\u2019ha de referir a la decisi\u00f3 posterior<\/li>\n<\/ul>\n<\/li>\n<\/ul>\n<h3>Dret a l\u2019oblit en recerques d\u2019Internet (article 93)<\/h3>\n<ul>\n<li>Tota persona t\u00e9 dret al fet que els motors de cerca d\u2019Internet eliminin els resultats obtinguts despr\u00e9s d\u2019una recerca efectuada a partir del seu nom, si els enlla\u00e7os mostrats contenen informaci\u00f3 relativa a aquesta persona, en cas que les dades siguin:\n<ul>\n<li>inadequades<\/li>\n<li>inexactes<\/li>\n<li>no pertinents<\/li>\n<li>no actualitzades<\/li>\n<li>excessives<\/li>\n<li>o hi hagin esdevingut pel transcurs del temps, tenint en compte:\n<ul>\n<li>les finalitats per a les quals es van recollir o tractar<\/li>\n<li>el temps transcorregut<\/li>\n<li>la naturalesa i inter\u00e8s p\u00fablic de la informaci\u00f3<\/li>\n<\/ul>\n<\/li>\n<li>o les circumst\u00e0ncies personals de l\u2019interessat evidenciessin la prevalen\u00e7a dels seus drets sobre el manteniment dels enlla\u00e7os pel servei de cerca d\u2019Internet<\/li>\n<\/ul>\n<\/li>\n<\/ul>\n<p>Aquest dret subsistir\u00e0 fins i tot en cas que sigui l\u00edcit conservar la informaci\u00f3 publicada al lloc web al qual dirigeixi l\u2019enlla\u00e7 i no es procedeixi per aquesta a l\u2019esborrat previ o simultani.<\/p>\n<p>Aquest dret no impedeix l\u2019acc\u00e9s a la informaci\u00f3 publicada al lloc web a trav\u00e9s de l\u2019\u00fas d\u2019altres criteris de cerca diferents del nom de qui exerceixi el dret.<\/p>\n<h3>Dret a l\u2019oblit en serveis de xarxes socials i serveis equivalents (article 94)<\/h3>\n<p>Tota persona t\u00e9 dret al fet que els serveis de xarxes socials i serveis de la societat de la informaci\u00f3 equivalents suprimeixin les dades personals publicades, en cas que hagin estat facilitades:<\/p>\n<ul>\n<li>Pel mateix interessat. En aquest cas, cal suprimir-les si aquest ho sol\u00b7licita.<\/li>\n<li>Pel mateix interessat o per tercers, mentre era menor d\u2019edat. En aquest cas, cal suprimir-les si aquest ho sol\u00b7licita.<\/li>\n<li>Per tercers, si s\u00f3n:\n<ul>\n<li>inadequades<\/li>\n<li>inexactes<\/li>\n<li>no pertinents<\/li>\n<li>no actualitzades<\/li>\n<li>excessives<\/li>\n<li>o hi hagin esdevingut pel transcurs del temps, tenint en compte:\n<ul>\n<li>les finalitats per a les quals es van recollir o tractar<\/li>\n<li>el temps transcorregut<\/li>\n<li>la naturalesa i inter\u00e8s p\u00fablic de la informaci\u00f3<\/li>\n<\/ul>\n<\/li>\n<li>o les circumst\u00e0ncies personals de l\u2019interessat evidenciessin la prevalen\u00e7a dels seus drets sobre el manteniment de les dades pel servei<\/li>\n<\/ul>\n<\/li>\n<\/ul>\n<p>Queden exceptuades d\u2019aquest Dret les dades que hagin estat facilitades per persones f\u00edsiques en l\u2019exercici d\u2019activitats personals o dom\u00e8stiques.<\/p>\n","protected":false},"excerpt":{"rendered":"<p>PROTOCOL PER A GARANTIR ELS DRETS DIGITALS A INTERNET (LOPDGDD) Els prestadors de serveis de la societat de la informaci\u00f3 i els prove\u00efdors de serveis d\u2019Internet han de contribuir a garantir que s\u2019apliquin els drets digitals que estableix el T\u00edtol X de la Llei Org\u00e0nica 3\/2018, de 5 de desembre, de Protecci\u00f3 de Dades Personals [&hellip;]<\/p>\n","protected":false},"author":1,"featured_media":0,"parent":0,"menu_order":0,"comment_status":"closed","ping_status":"closed","template":"page-blank.php","meta":{"_acf_changed":false,"footnotes":""},"class_list":["post-1754","page","type-page","status-publish","hentry"],"acf":[],"yoast_head":"<!-- This site is optimized with the Yoast SEO plugin v27.5 - https:\/\/yoast.com\/product\/yoast-seo-wordpress\/ -->\n<title>LOPDGDD - Laboratorios Rubi\u00f3<\/title>\n<meta name=\"robots\" content=\"index, follow, max-snippet:-1, max-image-preview:large, max-video-preview:-1\" \/>\n<link rel=\"canonical\" href=\"https:\/\/www.laboratoriosrubio.com\/ca\/lopdgdd\/\" \/>\n<meta property=\"og:locale\" content=\"ca_ES\" \/>\n<meta property=\"og:type\" content=\"article\" \/>\n<meta property=\"og:title\" content=\"LOPDGDD - Laboratorios Rubi\u00f3\" \/>\n<meta property=\"og:description\" content=\"PROTOCOL PER A GARANTIR ELS DRETS DIGITALS A INTERNET (LOPDGDD) Els prestadors de serveis de la societat de la informaci\u00f3 i els prove\u00efdors de serveis d\u2019Internet han de contribuir a garantir que s\u2019apliquin els drets digitals que estableix el T\u00edtol X de la Llei Org\u00e0nica 3\/2018, de 5 de desembre, de Protecci\u00f3 de Dades Personals [&hellip;]\" \/>\n<meta property=\"og:url\" content=\"https:\/\/www.laboratoriosrubio.com\/ca\/lopdgdd\/\" \/>\n<meta property=\"og:site_name\" content=\"Laboratorios Rubi\u00f3\" \/>\n<meta property=\"article:modified_time\" content=\"2021-03-24T17:05:22+00:00\" \/>\n<meta name=\"twitter:card\" content=\"summary_large_image\" \/>\n<meta name=\"twitter:label1\" content=\"Est. reading time\" \/>\n\t<meta name=\"twitter:data1\" content=\"6 minutes\" \/>\n<script type=\"application\/ld+json\" class=\"yoast-schema-graph\">{\"@context\":\"https:\\\/\\\/schema.org\",\"@graph\":[{\"@type\":\"WebPage\",\"@id\":\"https:\\\/\\\/www.laboratoriosrubio.com\\\/ca\\\/lopdgdd\\\/\",\"url\":\"https:\\\/\\\/www.laboratoriosrubio.com\\\/ca\\\/lopdgdd\\\/\",\"name\":\"LOPDGDD - Laboratorios Rubi\u00f3\",\"isPartOf\":{\"@id\":\"https:\\\/\\\/www.laboratoriosrubio.com\\\/ca\\\/#website\"},\"datePublished\":\"2021-03-24T16:56:51+00:00\",\"dateModified\":\"2021-03-24T17:05:22+00:00\",\"breadcrumb\":{\"@id\":\"https:\\\/\\\/www.laboratoriosrubio.com\\\/ca\\\/lopdgdd\\\/#breadcrumb\"},\"inLanguage\":\"ca\",\"potentialAction\":[{\"@type\":\"ReadAction\",\"target\":[\"https:\\\/\\\/www.laboratoriosrubio.com\\\/ca\\\/lopdgdd\\\/\"]}]},{\"@type\":\"BreadcrumbList\",\"@id\":\"https:\\\/\\\/www.laboratoriosrubio.com\\\/ca\\\/lopdgdd\\\/#breadcrumb\",\"itemListElement\":[{\"@type\":\"ListItem\",\"position\":1,\"name\":\"Portada\",\"item\":\"https:\\\/\\\/www.laboratoriosrubio.com\\\/ca\\\/\"},{\"@type\":\"ListItem\",\"position\":2,\"name\":\"LOPDGDD\"}]},{\"@type\":\"WebSite\",\"@id\":\"https:\\\/\\\/www.laboratoriosrubio.com\\\/ca\\\/#website\",\"url\":\"https:\\\/\\\/www.laboratoriosrubio.com\\\/ca\\\/\",\"name\":\"Laboratorios Rubi\u00f3\",\"description\":\"\",\"potentialAction\":[{\"@type\":\"SearchAction\",\"target\":{\"@type\":\"EntryPoint\",\"urlTemplate\":\"https:\\\/\\\/www.laboratoriosrubio.com\\\/ca\\\/?s={search_term_string}\"},\"query-input\":{\"@type\":\"PropertyValueSpecification\",\"valueRequired\":true,\"valueName\":\"search_term_string\"}}],\"inLanguage\":\"ca\"}]}<\/script>\n<!-- \/ Yoast SEO plugin. -->","yoast_head_json":{"title":"LOPDGDD - Laboratorios Rubi\u00f3","robots":{"index":"index","follow":"follow","max-snippet":"max-snippet:-1","max-image-preview":"max-image-preview:large","max-video-preview":"max-video-preview:-1"},"canonical":"https:\/\/www.laboratoriosrubio.com\/ca\/lopdgdd\/","og_locale":"ca_ES","og_type":"article","og_title":"LOPDGDD - Laboratorios Rubi\u00f3","og_description":"PROTOCOL PER A GARANTIR ELS DRETS DIGITALS A INTERNET (LOPDGDD) Els prestadors de serveis de la societat de la informaci\u00f3 i els prove\u00efdors de serveis d\u2019Internet han de contribuir a garantir que s\u2019apliquin els drets digitals que estableix el T\u00edtol X de la Llei Org\u00e0nica 3\/2018, de 5 de desembre, de Protecci\u00f3 de Dades Personals [&hellip;]","og_url":"https:\/\/www.laboratoriosrubio.com\/ca\/lopdgdd\/","og_site_name":"Laboratorios Rubi\u00f3","article_modified_time":"2021-03-24T17:05:22+00:00","twitter_card":"summary_large_image","twitter_misc":{"Est. reading time":"6 minutes"},"schema":{"@context":"https:\/\/schema.org","@graph":[{"@type":"WebPage","@id":"https:\/\/www.laboratoriosrubio.com\/ca\/lopdgdd\/","url":"https:\/\/www.laboratoriosrubio.com\/ca\/lopdgdd\/","name":"LOPDGDD - Laboratorios Rubi\u00f3","isPartOf":{"@id":"https:\/\/www.laboratoriosrubio.com\/ca\/#website"},"datePublished":"2021-03-24T16:56:51+00:00","dateModified":"2021-03-24T17:05:22+00:00","breadcrumb":{"@id":"https:\/\/www.laboratoriosrubio.com\/ca\/lopdgdd\/#breadcrumb"},"inLanguage":"ca","potentialAction":[{"@type":"ReadAction","target":["https:\/\/www.laboratoriosrubio.com\/ca\/lopdgdd\/"]}]},{"@type":"BreadcrumbList","@id":"https:\/\/www.laboratoriosrubio.com\/ca\/lopdgdd\/#breadcrumb","itemListElement":[{"@type":"ListItem","position":1,"name":"Portada","item":"https:\/\/www.laboratoriosrubio.com\/ca\/"},{"@type":"ListItem","position":2,"name":"LOPDGDD"}]},{"@type":"WebSite","@id":"https:\/\/www.laboratoriosrubio.com\/ca\/#website","url":"https:\/\/www.laboratoriosrubio.com\/ca\/","name":"Laboratorios Rubi\u00f3","description":"","potentialAction":[{"@type":"SearchAction","target":{"@type":"EntryPoint","urlTemplate":"https:\/\/www.laboratoriosrubio.com\/ca\/?s={search_term_string}"},"query-input":{"@type":"PropertyValueSpecification","valueRequired":true,"valueName":"search_term_string"}}],"inLanguage":"ca"}]}},"_links":{"self":[{"href":"https:\/\/www.laboratoriosrubio.com\/ca\/wp-json\/wp\/v2\/pages\/1754","targetHints":{"allow":["GET"]}}],"collection":[{"href":"https:\/\/www.laboratoriosrubio.com\/ca\/wp-json\/wp\/v2\/pages"}],"about":[{"href":"https:\/\/www.laboratoriosrubio.com\/ca\/wp-json\/wp\/v2\/types\/page"}],"author":[{"embeddable":true,"href":"https:\/\/www.laboratoriosrubio.com\/ca\/wp-json\/wp\/v2\/users\/1"}],"replies":[{"embeddable":true,"href":"https:\/\/www.laboratoriosrubio.com\/ca\/wp-json\/wp\/v2\/comments?post=1754"}],"version-history":[{"count":1,"href":"https:\/\/www.laboratoriosrubio.com\/ca\/wp-json\/wp\/v2\/pages\/1754\/revisions"}],"predecessor-version":[{"id":1756,"href":"https:\/\/www.laboratoriosrubio.com\/ca\/wp-json\/wp\/v2\/pages\/1754\/revisions\/1756"}],"wp:attachment":[{"href":"https:\/\/www.laboratoriosrubio.com\/ca\/wp-json\/wp\/v2\/media?parent=1754"}],"curies":[{"name":"wp","href":"https:\/\/api.w.org\/{rel}","templated":true}]}}